{"id":2277,"date":"2018-10-14T17:21:23","date_gmt":"2018-10-14T17:21:23","guid":{"rendered":"http:\/\/mabuca.com\/?page_id=2277"},"modified":"2021-12-11T17:33:06","modified_gmt":"2021-12-11T17:33:06","slug":"decoterapia-1","status":"publish","type":"page","link":"http:\/\/mabuca.com\/?page_id=2277","title":{"rendered":"DECOTERAPIA"},"content":{"rendered":"\t\t<div data-elementor-type=\"wp-post\" data-elementor-id=\"2277\" class=\"elementor elementor-2277\">\n\t\t\t\t\t\t<section class=\"elementor-section elementor-top-section elementor-element elementor-element-6eb2567 elementor-section-boxed elementor-section-height-default elementor-section-height-default\" data-id=\"6eb2567\" data-element_type=\"section\" data-e-type=\"section\">\n\t\t\t\t\t\t<div class=\"elementor-container elementor-column-gap-default\">\n\t\t\t\t\t<div class=\"elementor-column elementor-col-100 elementor-top-column elementor-element elementor-element-1c2e3c5\" data-id=\"1c2e3c5\" data-element_type=\"column\" data-e-type=\"column\">\n\t\t\t<div class=\"elementor-widget-wrap elementor-element-populated\">\n\t\t\t\t\t\t<div class=\"elementor-element elementor-element-73b6588 elementor-widget elementor-widget-spacer\" data-id=\"73b6588\" data-element_type=\"widget\" data-e-type=\"widget\" data-widget_type=\"spacer.default\">\n\t\t\t\t<div class=\"elementor-widget-container\">\n\t\t\t\t\t\t\t<div class=\"elementor-spacer\">\n\t\t\t<div class=\"elementor-spacer-inner\"><\/div>\n\t\t<\/div>\n\t\t\t\t\t\t<\/div>\n\t\t\t\t<\/div>\n\t\t\t\t\t<\/div>\n\t\t<\/div>\n\t\t\t\t\t<\/div>\n\t\t<\/section>\n\t\t\t\t<section class=\"elementor-section elementor-top-section elementor-element elementor-element-c5b4c6c elementor-section-boxed elementor-section-height-default elementor-section-height-default\" data-id=\"c5b4c6c\" data-element_type=\"section\" data-e-type=\"section\">\n\t\t\t\t\t\t<div class=\"elementor-container elementor-column-gap-default\">\n\t\t\t\t\t<div class=\"elementor-column elementor-col-100 elementor-top-column elementor-element elementor-element-7703737\" data-id=\"7703737\" data-element_type=\"column\" data-e-type=\"column\">\n\t\t\t<div class=\"elementor-widget-wrap elementor-element-populated\">\n\t\t\t\t\t\t<div class=\"elementor-element elementor-element-9705519 elementor-widget elementor-widget-text-editor\" data-id=\"9705519\" data-element_type=\"widget\" data-e-type=\"widget\" data-widget_type=\"text-editor.default\">\n\t\t\t\t<div class=\"elementor-widget-container\">\n\t\t\t\t\t\t\t\t\t<p>DECORACI\u00d3N DE INTERIORES\u00a0<\/p>\t\t\t\t\t\t\t\t<\/div>\n\t\t\t\t<\/div>\n\t\t\t\t\t<\/div>\n\t\t<\/div>\n\t\t\t\t\t<\/div>\n\t\t<\/section>\n\t\t\t\t<section class=\"elementor-section elementor-top-section elementor-element elementor-element-1d61040e elementor-section-content-middle elementor-section-boxed elementor-section-height-default elementor-section-height-default\" data-id=\"1d61040e\" data-element_type=\"section\" data-e-type=\"section\" data-settings=\"{&quot;background_background&quot;:&quot;classic&quot;}\">\n\t\t\t\t\t\t\t<div class=\"elementor-background-overlay\"><\/div>\n\t\t\t\t\t\t\t<div class=\"elementor-container elementor-column-gap-narrow\">\n\t\t\t\t\t<div class=\"elementor-column elementor-col-20 elementor-top-column elementor-element elementor-element-31e30847\" data-id=\"31e30847\" data-element_type=\"column\" data-e-type=\"column\">\n\t\t\t<div class=\"elementor-widget-wrap\">\n\t\t\t\t\t\t\t<\/div>\n\t\t<\/div>\n\t\t\t\t<div class=\"elementor-column elementor-col-20 elementor-top-column elementor-element elementor-element-32accf2\" data-id=\"32accf2\" data-element_type=\"column\" data-e-type=\"column\">\n\t\t\t<div class=\"elementor-widget-wrap elementor-element-populated\">\n\t\t\t\t\t\t<div class=\"elementor-element elementor-element-6ef0e1ac elementor-position-top elementor-widget elementor-widget-image-box\" data-id=\"6ef0e1ac\" data-element_type=\"widget\" data-e-type=\"widget\" data-widget_type=\"image-box.default\">\n\t\t\t\t<div class=\"elementor-widget-container\">\n\t\t\t\t\t<div class=\"elementor-image-box-wrapper\"><figure class=\"elementor-image-box-img\"><a href=\"https:\/\/wp.me\/P9Vkif-xi\" tabindex=\"-1\"><img fetchpriority=\"high\" decoding=\"async\" width=\"300\" height=\"226\" src=\"http:\/\/mabuca.com\/wp-content\/uploads\/2020\/05\/2016-arbol-pared-jardin-300x226.jpg\" class=\"attachment-medium size-medium wp-image-2909\" alt=\"\" srcset=\"http:\/\/mabuca.com\/wp-content\/uploads\/2020\/05\/2016-arbol-pared-jardin-300x226.jpg 300w, http:\/\/mabuca.com\/wp-content\/uploads\/2020\/05\/2016-arbol-pared-jardin-1024x771.jpg 1024w, http:\/\/mabuca.com\/wp-content\/uploads\/2020\/05\/2016-arbol-pared-jardin-768x578.jpg 768w, http:\/\/mabuca.com\/wp-content\/uploads\/2020\/05\/2016-arbol-pared-jardin.jpg 1154w\" sizes=\"(max-width: 300px) 100vw, 300px\" \/><\/a><\/figure><div class=\"elementor-image-box-content\"><h3 class=\"elementor-image-box-title\"><a href=\"https:\/\/wp.me\/P9Vkif-xi\">DECORACION DE PAREDES <\/a><\/h3><\/div><\/div>\t\t\t\t<\/div>\n\t\t\t\t<\/div>\n\t\t\t\t\t<\/div>\n\t\t<\/div>\n\t\t\t\t<div class=\"elementor-column elementor-col-20 elementor-top-column elementor-element elementor-element-63daae1\" data-id=\"63daae1\" data-element_type=\"column\" data-e-type=\"column\">\n\t\t\t<div class=\"elementor-widget-wrap elementor-element-populated\">\n\t\t\t\t\t\t<div class=\"elementor-element elementor-element-0472c9e elementor-position-top elementor-widget elementor-widget-image-box\" data-id=\"0472c9e\" data-element_type=\"widget\" data-e-type=\"widget\" data-widget_type=\"image-box.default\">\n\t\t\t\t<div class=\"elementor-widget-container\">\n\t\t\t\t\t<div class=\"elementor-image-box-wrapper\"><figure class=\"elementor-image-box-img\"><a href=\"https:\/\/wp.me\/P9Vkif-yb\" tabindex=\"-1\"><img decoding=\"async\" width=\"271\" height=\"300\" src=\"http:\/\/mabuca.com\/wp-content\/uploads\/2020\/05\/menina-cara-porcelana-271x300.jpg\" class=\"attachment-medium size-medium wp-image-2911\" alt=\"\" srcset=\"http:\/\/mabuca.com\/wp-content\/uploads\/2020\/05\/menina-cara-porcelana-271x300.jpg 271w, http:\/\/mabuca.com\/wp-content\/uploads\/2020\/05\/menina-cara-porcelana-925x1024.jpg 925w, http:\/\/mabuca.com\/wp-content\/uploads\/2020\/05\/menina-cara-porcelana-768x850.jpg 768w, http:\/\/mabuca.com\/wp-content\/uploads\/2020\/05\/menina-cara-porcelana-1388x1536.jpg 1388w, http:\/\/mabuca.com\/wp-content\/uploads\/2020\/05\/menina-cara-porcelana.jpg 1424w\" sizes=\"(max-width: 271px) 100vw, 271px\" \/><\/a><\/figure><div class=\"elementor-image-box-content\"><h3 class=\"elementor-image-box-title\"><a href=\"https:\/\/wp.me\/P9Vkif-yb\">OBJETOS DE DECORACI\u00d3N <\/a><\/h3><\/div><\/div>\t\t\t\t<\/div>\n\t\t\t\t<\/div>\n\t\t\t\t\t<\/div>\n\t\t<\/div>\n\t\t\t\t<div class=\"elementor-column elementor-col-20 elementor-top-column elementor-element elementor-element-1346350\" data-id=\"1346350\" data-element_type=\"column\" data-e-type=\"column\">\n\t\t\t<div class=\"elementor-widget-wrap elementor-element-populated\">\n\t\t\t\t\t\t<div class=\"elementor-element elementor-element-5c4cc42 elementor-position-top elementor-widget elementor-widget-image-box\" data-id=\"5c4cc42\" data-element_type=\"widget\" data-e-type=\"widget\" data-widget_type=\"image-box.default\">\n\t\t\t\t<div class=\"elementor-widget-container\">\n\t\t\t\t\t<div class=\"elementor-image-box-wrapper\"><figure class=\"elementor-image-box-img\"><a href=\"https:\/\/wp.me\/P9Vkif-yt\" tabindex=\"-1\"><img decoding=\"async\" width=\"300\" height=\"258\" src=\"http:\/\/mabuca.com\/wp-content\/uploads\/2020\/05\/maquina-coser-300x258.jpg\" class=\"attachment-medium size-medium wp-image-2913\" alt=\"\" srcset=\"http:\/\/mabuca.com\/wp-content\/uploads\/2020\/05\/maquina-coser-300x258.jpg 300w, http:\/\/mabuca.com\/wp-content\/uploads\/2020\/05\/maquina-coser-1024x880.jpg 1024w, http:\/\/mabuca.com\/wp-content\/uploads\/2020\/05\/maquina-coser-768x660.jpg 768w, http:\/\/mabuca.com\/wp-content\/uploads\/2020\/05\/maquina-coser-1536x1320.jpg 1536w, http:\/\/mabuca.com\/wp-content\/uploads\/2020\/05\/maquina-coser.jpg 2016w\" sizes=\"(max-width: 300px) 100vw, 300px\" \/><\/a><\/figure><div class=\"elementor-image-box-content\"><h3 class=\"elementor-image-box-title\"><a href=\"https:\/\/wp.me\/P9Vkif-yt\">DECORACI\u00d3N DE \/ CON MUEBLES <\/a><\/h3><\/div><\/div>\t\t\t\t<\/div>\n\t\t\t\t<\/div>\n\t\t\t\t\t<\/div>\n\t\t<\/div>\n\t\t\t\t<div class=\"elementor-column elementor-col-20 elementor-top-column elementor-element elementor-element-f9ea63a\" data-id=\"f9ea63a\" data-element_type=\"column\" data-e-type=\"column\">\n\t\t\t<div class=\"elementor-widget-wrap\">\n\t\t\t\t\t\t\t<\/div>\n\t\t<\/div>\n\t\t\t\t\t<\/div>\n\t\t<\/section>\n\t\t\t\t<section class=\"elementor-section elementor-top-section elementor-element elementor-element-6f8c9a0 elementor-section-boxed elementor-section-height-default elementor-section-height-default\" data-id=\"6f8c9a0\" data-element_type=\"section\" data-e-type=\"section\">\n\t\t\t\t\t\t<div class=\"elementor-container elementor-column-gap-default\">\n\t\t\t\t\t<div class=\"elementor-column elementor-col-100 elementor-top-column elementor-element elementor-element-b7f6b36\" data-id=\"b7f6b36\" data-element_type=\"column\" data-e-type=\"column\">\n\t\t\t<div class=\"elementor-widget-wrap elementor-element-populated\">\n\t\t\t\t\t\t<div class=\"elementor-element elementor-element-054d628 elementor-widget elementor-widget-spacer\" data-id=\"054d628\" data-element_type=\"widget\" data-e-type=\"widget\" data-widget_type=\"spacer.default\">\n\t\t\t\t<div class=\"elementor-widget-container\">\n\t\t\t\t\t\t\t<div class=\"elementor-spacer\">\n\t\t\t<div class=\"elementor-spacer-inner\"><\/div>\n\t\t<\/div>\n\t\t\t\t\t\t<\/div>\n\t\t\t\t<\/div>\n\t\t\t\t<div class=\"elementor-element elementor-element-cf7ae56 elementor-widget elementor-widget-text-editor\" data-id=\"cf7ae56\" data-element_type=\"widget\" data-e-type=\"widget\" data-widget_type=\"text-editor.default\">\n\t\t\t\t<div class=\"elementor-widget-container\">\n\t\t\t\t\t\t\t\t\t<h2 style=\"text-align: center;\">\u00bfQu\u00e9 es DECOTERAPIA?<\/h2><div>\u00a0<\/div>\t\t\t\t\t\t\t\t<\/div>\n\t\t\t\t<\/div>\n\t\t\t\t<div class=\"elementor-element elementor-element-8ec5a75 elementor-widget elementor-widget-text-editor\" data-id=\"8ec5a75\" data-element_type=\"widget\" data-e-type=\"widget\" data-widget_type=\"text-editor.default\">\n\t\t\t\t<div class=\"elementor-widget-container\">\n\t\t\t\t\t\t\t\t\t<p><strong>\u00a0\u00a0<\/strong><strong><span style=\"color: #800000;\"><span>\u00a0 \u00a0 \u00a0 \u00a0 \u00a0 \u00a0 \u00a0 \u00a0 \u00a0 \u00a0 \u00a0\u00a0<span style=\"text-decoration: underline;\">\u00abLa\u00a0terapia de la decoraci\u00f3n\u201d<\/span><\/span><\/span><\/strong><strong><span style=\"text-decoration: underline;\">\u00a0<\/span>nos parece <\/strong><strong>un concepto nuevo, pero todos lo conocemos. Es crear y transformar espacios vac\u00edos o sin vida, \u00a0en espacios acogedores y con encanto.<\/strong><\/p><p><strong>\u00a0 \u00a0 \u00a0 \u00a0 <span style=\"text-decoration: underline;\"><span style=\"color: #800000; text-decoration: underline;\">Mi objetivo, \u00a0a trav\u00e9s de la decoraci\u00f3n de interiores,<\/span><\/span><\/strong><strong> \u00a0es apostar por la soluci\u00f3n m\u00e1s\u00a0 apropiada para ti, creando un espacio bonito, sencillo, \u00fanico, elegante y acogedor, con sensaciones agradables y de bienestar, adapt\u00e1ndolo a tu estilo o necesidades. <\/strong><\/p><p><strong>\u00a0 \u00a0 \u00a0 \u00a0 \u00a0 \u00bfCu\u00e1l es mi clave? La clave es sacar el m\u00e1ximo partido a tu entorno, con peque\u00f1os toques y sin grandes reformas.<\/strong><\/p><p><strong><span style=\"text-decoration: underline;\"><span style=\"color: #800000; text-decoration: underline;\">\u00a0En esta p\u00e1gina <\/span><\/span><span style=\"text-decoration: underline;\"><span style=\"color: #800000; text-decoration: underline;\">te ofrezco piezas decorativas<\/span><\/span><span style=\"text-decoration: underline;\"><span style=\"color: #800000; text-decoration: underline;\">,<\/span><\/span> ya sean cuadros o figuras, para llenar esos peque\u00f1os rincones vac\u00edos o para renovarlos.\u00a0<\/strong><strong>Todo lo que presento en esta p\u00e1gina est\u00e1 pintado y adornado teniendo en cuenta el gusto de su propietario. Mi objetivo es el mismo que el de un cuadro o un dibujo, la satisfacci\u00f3n de un trabajo bien hecho.<\/strong><\/p><p><strong>\u00a0<\/strong><\/p><p><strong>\u00a0En este mismo sentido <\/strong><span style=\"text-decoration: underline;\"><span style=\"color: #800000; text-decoration: underline;\"><strong>podemos dar una segunda vida<\/strong><strong> ese mueble o ese <\/strong><strong>\u00a0tesoro<\/strong><strong> olvidado.<\/strong> <\/span><\/span><strong>Reciclar no s\u00f3lo ayuda al medio ambiente, sino con ojos creativos e \u00a0ideas interesantes podemos personalizarlos o transformarlos y hacerlos m\u00e1s funcionales.<\/strong><\/p><p><strong>\u00a0<\/strong><\/p><h4 style=\"text-align: left;\"><strong>\u00a0 \u00a0 \u00a0 \u00a0 \u00a0<\/strong><\/h4>\t\t\t\t\t\t\t\t<\/div>\n\t\t\t\t<\/div>\n\t\t\t\t\t<\/div>\n\t\t<\/div>\n\t\t\t\t\t<\/div>\n\t\t<\/section>\n\t\t\t\t<section class=\"elementor-section elementor-top-section elementor-element elementor-element-843de7a elementor-section-boxed elementor-section-height-default elementor-section-height-default\" data-id=\"843de7a\" data-element_type=\"section\" data-e-type=\"section\">\n\t\t\t\t\t\t<div class=\"elementor-container elementor-column-gap-default\">\n\t\t\t\t\t<div class=\"elementor-column elementor-col-100 elementor-top-column elementor-element elementor-element-265e848\" data-id=\"265e848\" data-element_type=\"column\" data-e-type=\"column\">\n\t\t\t<div class=\"elementor-widget-wrap elementor-element-populated\">\n\t\t\t\t\t\t\t<\/div>\n\t\t<\/div>\n\t\t\t\t\t<\/div>\n\t\t<\/section>\n\t\t\t\t<\/div>\n\t\t","protected":false},"excerpt":{"rendered":"<p>DECORACI\u00d3N DE INTERIORES\u00a0 DECORACION DE PAREDES OBJETOS DE DECORACI\u00d3N DECORACI\u00d3N DE \/ CON MUEBLES \u00bfQu\u00e9 es DECOTERAPIA? \u00a0 \u00a0\u00a0\u00a0 \u00a0 \u00a0 \u00a0 \u00a0 \u00a0 \u00a0 \u00a0 \u00a0 \u00a0 \u00a0\u00a0\u00abLa\u00a0terapia de la decoraci\u00f3n\u201d\u00a0nos parece un concepto nuevo, pero todos lo conocemos. Es crear y transformar espacios vac\u00edos o sin vida, \u00a0en espacios acogedores y con encanto. [&hellip;]<\/p>\n","protected":false},"author":1,"featured_media":0,"parent":614,"menu_order":4,"comment_status":"closed","ping_status":"closed","template":"elementor_canvas","meta":{"_monsterinsights_skip_tracking":false,"_monsterinsights_sitenote_active":false,"_monsterinsights_sitenote_note":"","_monsterinsights_sitenote_category":0,"jetpack_post_was_ever_published":false,"footnotes":""},"class_list":["post-2277","page","type-page","status-publish","hentry"],"jetpack_sharing_enabled":true,"jetpack_shortlink":"https:\/\/wp.me\/P9Vkif-AJ","_links":{"self":[{"href":"http:\/\/mabuca.com\/index.php?rest_route=\/wp\/v2\/pages\/2277","targetHints":{"allow":["GET"]}}],"collection":[{"href":"http:\/\/mabuca.com\/index.php?rest_route=\/wp\/v2\/pages"}],"about":[{"href":"http:\/\/mabuca.com\/index.php?rest_route=\/wp\/v2\/types\/page"}],"author":[{"embeddable":true,"href":"http:\/\/mabuca.com\/index.php?rest_route=\/wp\/v2\/users\/1"}],"replies":[{"embeddable":true,"href":"http:\/\/mabuca.com\/index.php?rest_route=%2Fwp%2Fv2%2Fcomments&post=2277"}],"version-history":[{"count":42,"href":"http:\/\/mabuca.com\/index.php?rest_route=\/wp\/v2\/pages\/2277\/revisions"}],"predecessor-version":[{"id":3763,"href":"http:\/\/mabuca.com\/index.php?rest_route=\/wp\/v2\/pages\/2277\/revisions\/3763"}],"up":[{"embeddable":true,"href":"http:\/\/mabuca.com\/index.php?rest_route=\/wp\/v2\/pages\/614"}],"wp:attachment":[{"href":"http:\/\/mabuca.com\/index.php?rest_route=%2Fwp%2Fv2%2Fmedia&parent=2277"}],"curies":[{"name":"wp","href":"https:\/\/api.w.org\/{rel}","templated":true}]}}